{"id":39,"date":"2024-01-13T13:45:23","date_gmt":"2024-01-13T10:45:23","guid":{"rendered":"https:\/\/xolustanenerji.com\/?page_id=39"},"modified":"2026-03-25T10:38:11","modified_gmt":"2026-03-25T07:38:11","slug":"calistigimiz-firmalar","status":"publish","type":"page","link":"https:\/\/xolustanenerji.com\/en\/calistigimiz-firmalar\/","title":{"rendered":"The Companies We Work"},"content":{"rendered":"<div data-elementor-type=\"wp-page\" data-elementor-id=\"39\" class=\"elementor elementor-39\" data-elementor-post-type=\"page\">\n\t\t\t\t\t\t<section class=\"elementor-section elementor-top-section elementor-element elementor-element-5bfe8529 elementor-section-boxed elementor-section-height-default elementor-section-height-default\" data-id=\"5bfe8529\" data-element_type=\"section\" data-e-type=\"section\" data-settings=\"{&quot;background_background&quot;:&quot;classic&quot;}\">\n\t\t\t\t\t\t<div class=\"elementor-container elementor-column-gap-default\">\n\t\t\t\t\t<div class=\"elementor-column elementor-col-100 elementor-top-column elementor-element elementor-element-3fe2160c\" data-id=\"3fe2160c\" data-element_type=\"column\" data-e-type=\"column\">\n\t\t\t<div class=\"elementor-widget-wrap elementor-element-populated\">\n\t\t\t\t\t\t<div class=\"elementor-element elementor-element-7dceaf92 elementor-widget__width-initial elementor-widget-tablet__width-initial elementor-widget-mobile__width-inherit elementor-widget elementor-widget-heading\" data-id=\"7dceaf92\" data-element_type=\"widget\" data-e-type=\"widget\" data-widget_type=\"heading.default\">\n\t\t\t\t<div class=\"elementor-widget-container\">\n\t\t\t\t\t<h2 class=\"elementor-heading-title elementor-size-default\">We&#039;re Getting Stronger Partnership With\n<\/h2>\t\t\t\t<\/div>\n\t\t\t\t<\/div>\n\t\t\t\t<div class=\"elementor-element elementor-element-50db20bb elementor-widget elementor-widget-text-editor\" data-id=\"50db20bb\" data-element_type=\"widget\" data-e-type=\"widget\" data-widget_type=\"text-editor.default\">\n\t\t\t\t<div class=\"elementor-widget-container\">\n\t\t\t\t\t\t\t\t\t<p>Xolustan Enerji, sekt\u00f6rdeki liderlik konumumuzu, birlikte \u00e7al\u0131\u015ft\u0131\u011f\u0131m\u0131z prestijli firmalarla kurdu\u011fumuz sa\u011flam ortakl\u0131klar \u00fczerine in\u015fa ettik. \u0130\u015f birliklerimiz, m\u00fc\u015fterilerimize s\u00fcrd\u00fcr\u00fclebilir ve yenilik\u00e7i \u00e7\u00f6z\u00fcmler sunma hedefimizi destekleyen geni\u015f bir yelpazedeki firmalar\u0131 kaps\u0131yor. Her bir ortakl\u0131\u011f\u0131m\u0131z, alan\u0131nda uzmanla\u015fm\u0131\u015f firmalar\u0131n benzersiz yeteneklerini ve Xolustan Enerji&#8217;nin vizyonunu bir araya getirerek sekt\u00f6re yeni de\u011ferler kat\u0131yor.<\/p>\t\t\t\t\t\t\t\t<\/div>\n\t\t\t\t<\/div>\n\t\t\t\t<div class=\"elementor-element elementor-element-348cb75 elementor-hidden-desktop elementor-hidden-tablet elementor-hidden-mobile elementor-widget elementor-widget-bdt-marquee\" data-id=\"348cb75\" data-element_type=\"widget\" data-e-type=\"widget\" data-settings=\"{&quot;marquee_type&quot;:&quot;image&quot;,&quot;marquee_pause_on_hover&quot;:&quot;yes&quot;,&quot;marquee_speed&quot;:20,&quot;marquee_direction&quot;:&quot;left&quot;}\" data-widget_type=\"bdt-marquee.default\">\n\t\t\t\t<div class=\"elementor-widget-container\">\n\t\t\t\t\t\n\n        <div id=\"bdt-marque-348cb75\" class=\"bdt-marquee marquee-type-image\">\n            <div class=\"marquee-rolling-wrapper\">\n                <div class=\"marquee-rolling\">\n                    \n                                            <div class=\"marquee-content-image\"><img fetchpriority=\"high\" decoding=\"async\" width=\"2000\" height=\"1000\" src=\"https:\/\/xolustanenerji.com\/wp-content\/uploads\/2025\/01\/Adsiz-tasarim-2025-01-21T175529.014.webp\" class=\"attachment-full size-full\" alt=\"\" srcset=\"https:\/\/xolustanenerji.com\/wp-content\/uploads\/2025\/01\/Adsiz-tasarim-2025-01-21T175529.014.webp 2000w, https:\/\/xolustanenerji.com\/wp-content\/uploads\/2025\/01\/Adsiz-tasarim-2025-01-21T175529.014-300x150.webp 300w, https:\/\/xolustanenerji.com\/wp-content\/uploads\/2025\/01\/Adsiz-tasarim-2025-01-21T175529.014-1024x512.webp 1024w, https:\/\/xolustanenerji.com\/wp-content\/uploads\/2025\/01\/Adsiz-tasarim-2025-01-21T175529.014-768x384.webp 768w, https:\/\/xolustanenerji.com\/wp-content\/uploads\/2025\/01\/Adsiz-tasarim-2025-01-21T175529.014-1536x768.webp 1536w, https:\/\/xolustanenerji.com\/wp-content\/uploads\/2025\/01\/Adsiz-tasarim-2025-01-21T175529.014-18x9.webp 18w, https:\/\/xolustanenerji.com\/wp-content\/uploads\/2025\/01\/Adsiz-tasarim-2025-01-21T175529.014-650x325.webp 650w\" sizes=\"(max-width: 2000px) 100vw, 2000px\" \/><\/div>                        <div class=\"marquee-content-image\"><img decoding=\"async\" width=\"2000\" height=\"1000\" src=\"https:\/\/xolustanenerji.com\/wp-content\/uploads\/2025\/01\/Adsiz-tasarim-2025-01-21T175514.820.webp\" class=\"attachment-full size-full\" alt=\"\" srcset=\"https:\/\/xolustanenerji.com\/wp-content\/uploads\/2025\/01\/Adsiz-tasarim-2025-01-21T175514.820.webp 2000w, https:\/\/xolustanenerji.com\/wp-content\/uploads\/2025\/01\/Adsiz-tasarim-2025-01-21T175514.820-300x150.webp 300w, https:\/\/xolustanenerji.com\/wp-content\/uploads\/2025\/01\/Adsiz-tasarim-2025-01-21T175514.820-1024x512.webp 1024w, https:\/\/xolustanenerji.com\/wp-content\/uploads\/2025\/01\/Adsiz-tasarim-2025-01-21T175514.820-768x384.webp 768w, https:\/\/xolustanenerji.com\/wp-content\/uploads\/2025\/01\/Adsiz-tasarim-2025-01-21T175514.820-1536x768.webp 1536w, https:\/\/xolustanenerji.com\/wp-content\/uploads\/2025\/01\/Adsiz-tasarim-2025-01-21T175514.820-18x9.webp 18w, https:\/\/xolustanenerji.com\/wp-content\/uploads\/2025\/01\/Adsiz-tasarim-2025-01-21T175514.820-650x325.webp 650w\" sizes=\"(max-width: 2000px) 100vw, 2000px\" \/><\/div>                        <div class=\"marquee-content-image\"><img decoding=\"async\" width=\"2000\" height=\"1000\" src=\"https:\/\/xolustanenerji.com\/wp-content\/uploads\/2025\/01\/Adsiz-tasarim-2025-01-21T175456.611.webp\" class=\"attachment-full size-full\" alt=\"\" srcset=\"https:\/\/xolustanenerji.com\/wp-content\/uploads\/2025\/01\/Adsiz-tasarim-2025-01-21T175456.611.webp 2000w, https:\/\/xolustanenerji.com\/wp-content\/uploads\/2025\/01\/Adsiz-tasarim-2025-01-21T175456.611-300x150.webp 300w, https:\/\/xolustanenerji.com\/wp-content\/uploads\/2025\/01\/Adsiz-tasarim-2025-01-21T175456.611-1024x512.webp 1024w, https:\/\/xolustanenerji.com\/wp-content\/uploads\/2025\/01\/Adsiz-tasarim-2025-01-21T175456.611-768x384.webp 768w, https:\/\/xolustanenerji.com\/wp-content\/uploads\/2025\/01\/Adsiz-tasarim-2025-01-21T175456.611-1536x768.webp 1536w, https:\/\/xolustanenerji.com\/wp-content\/uploads\/2025\/01\/Adsiz-tasarim-2025-01-21T175456.611-18x9.webp 18w, https:\/\/xolustanenerji.com\/wp-content\/uploads\/2025\/01\/Adsiz-tasarim-2025-01-21T175456.611-650x325.webp 650w\" sizes=\"(max-width: 2000px) 100vw, 2000px\" \/><\/div>                        <div class=\"marquee-content-image\"><img loading=\"lazy\" decoding=\"async\" width=\"2000\" height=\"1000\" src=\"https:\/\/xolustanenerji.com\/wp-content\/uploads\/2025\/01\/Adsiz-tasarim-2025-01-21T175446.612.webp\" class=\"attachment-full size-full\" alt=\"\" srcset=\"https:\/\/xolustanenerji.com\/wp-content\/uploads\/2025\/01\/Adsiz-tasarim-2025-01-21T175446.612.webp 2000w, https:\/\/xolustanenerji.com\/wp-content\/uploads\/2025\/01\/Adsiz-tasarim-2025-01-21T175446.612-300x150.webp 300w, https:\/\/xolustanenerji.com\/wp-content\/uploads\/2025\/01\/Adsiz-tasarim-2025-01-21T175446.612-1024x512.webp 1024w, https:\/\/xolustanenerji.com\/wp-content\/uploads\/2025\/01\/Adsiz-tasarim-2025-01-21T175446.612-768x384.webp 768w, https:\/\/xolustanenerji.com\/wp-content\/uploads\/2025\/01\/Adsiz-tasarim-2025-01-21T175446.612-1536x768.webp 1536w, https:\/\/xolustanenerji.com\/wp-content\/uploads\/2025\/01\/Adsiz-tasarim-2025-01-21T175446.612-18x9.webp 18w, https:\/\/xolustanenerji.com\/wp-content\/uploads\/2025\/01\/Adsiz-tasarim-2025-01-21T175446.612-650x325.webp 650w\" sizes=\"(max-width: 2000px) 100vw, 2000px\" \/><\/div>                        <div class=\"marquee-content-image\"><img loading=\"lazy\" decoding=\"async\" width=\"2000\" height=\"1000\" src=\"https:\/\/xolustanenerji.com\/wp-content\/uploads\/2025\/01\/Adsiz-tasarim-2025-01-21T175437.613.webp\" class=\"attachment-full size-full\" alt=\"\" srcset=\"https:\/\/xolustanenerji.com\/wp-content\/uploads\/2025\/01\/Adsiz-tasarim-2025-01-21T175437.613.webp 2000w, https:\/\/xolustanenerji.com\/wp-content\/uploads\/2025\/01\/Adsiz-tasarim-2025-01-21T175437.613-300x150.webp 300w, https:\/\/xolustanenerji.com\/wp-content\/uploads\/2025\/01\/Adsiz-tasarim-2025-01-21T175437.613-1024x512.webp 1024w, https:\/\/xolustanenerji.com\/wp-content\/uploads\/2025\/01\/Adsiz-tasarim-2025-01-21T175437.613-768x384.webp 768w, https:\/\/xolustanenerji.com\/wp-content\/uploads\/2025\/01\/Adsiz-tasarim-2025-01-21T175437.613-1536x768.webp 1536w, https:\/\/xolustanenerji.com\/wp-content\/uploads\/2025\/01\/Adsiz-tasarim-2025-01-21T175437.613-18x9.webp 18w, https:\/\/xolustanenerji.com\/wp-content\/uploads\/2025\/01\/Adsiz-tasarim-2025-01-21T175437.613-650x325.webp 650w\" sizes=\"(max-width: 2000px) 100vw, 2000px\" \/><\/div>                        <div class=\"marquee-content-image\"><img loading=\"lazy\" decoding=\"async\" width=\"2000\" height=\"1000\" src=\"https:\/\/xolustanenerji.com\/wp-content\/uploads\/2025\/01\/Adsiz-tasarim-2025-01-21T175424.208.webp\" class=\"attachment-full size-full\" alt=\"\" srcset=\"https:\/\/xolustanenerji.com\/wp-content\/uploads\/2025\/01\/Adsiz-tasarim-2025-01-21T175424.208.webp 2000w, https:\/\/xolustanenerji.com\/wp-content\/uploads\/2025\/01\/Adsiz-tasarim-2025-01-21T175424.208-300x150.webp 300w, https:\/\/xolustanenerji.com\/wp-content\/uploads\/2025\/01\/Adsiz-tasarim-2025-01-21T175424.208-1024x512.webp 1024w, https:\/\/xolustanenerji.com\/wp-content\/uploads\/2025\/01\/Adsiz-tasarim-2025-01-21T175424.208-768x384.webp 768w, https:\/\/xolustanenerji.com\/wp-content\/uploads\/2025\/01\/Adsiz-tasarim-2025-01-21T175424.208-1536x768.webp 1536w, https:\/\/xolustanenerji.com\/wp-content\/uploads\/2025\/01\/Adsiz-tasarim-2025-01-21T175424.208-18x9.webp 18w, https:\/\/xolustanenerji.com\/wp-content\/uploads\/2025\/01\/Adsiz-tasarim-2025-01-21T175424.208-650x325.webp 650w\" sizes=\"(max-width: 2000px) 100vw, 2000px\" \/><\/div>                        <div class=\"marquee-content-image\"><img loading=\"lazy\" decoding=\"async\" width=\"2000\" height=\"1000\" src=\"https:\/\/xolustanenerji.com\/wp-content\/uploads\/2025\/01\/Adsiz-tasarim-2025-01-21T175411.524.webp\" class=\"attachment-full size-full\" alt=\"\" srcset=\"https:\/\/xolustanenerji.com\/wp-content\/uploads\/2025\/01\/Adsiz-tasarim-2025-01-21T175411.524.webp 2000w, https:\/\/xolustanenerji.com\/wp-content\/uploads\/2025\/01\/Adsiz-tasarim-2025-01-21T175411.524-300x150.webp 300w, https:\/\/xolustanenerji.com\/wp-content\/uploads\/2025\/01\/Adsiz-tasarim-2025-01-21T175411.524-1024x512.webp 1024w, https:\/\/xolustanenerji.com\/wp-content\/uploads\/2025\/01\/Adsiz-tasarim-2025-01-21T175411.524-768x384.webp 768w, https:\/\/xolustanenerji.com\/wp-content\/uploads\/2025\/01\/Adsiz-tasarim-2025-01-21T175411.524-1536x768.webp 1536w, https:\/\/xolustanenerji.com\/wp-content\/uploads\/2025\/01\/Adsiz-tasarim-2025-01-21T175411.524-18x9.webp 18w, https:\/\/xolustanenerji.com\/wp-content\/uploads\/2025\/01\/Adsiz-tasarim-2025-01-21T175411.524-650x325.webp 650w\" sizes=\"(max-width: 2000px) 100vw, 2000px\" \/><\/div>                                            \n                <\/div>\n            <\/div>\n        <\/div>\n\n\t\t\t\t<\/div>\n\t\t\t\t<\/div>\n\t\t\t\t<div class=\"elementor-element elementor-element-8f8fc6e elementor-align-center elementor-widget elementor-widget-button\" data-id=\"8f8fc6e\" data-element_type=\"widget\" data-e-type=\"widget\" data-widget_type=\"button.default\">\n\t\t\t\t<div class=\"elementor-widget-container\">\n\t\t\t\t\t\t\t\t\t<div class=\"elementor-button-wrapper\">\n\t\t\t\t\t<a class=\"elementor-button elementor-button-link elementor-size-sm\" href=\"\/en\/iletisim\/\">\n\t\t\t\t\t\t<span class=\"elementor-button-content-wrapper\">\n\t\t\t\t\t\t<span class=\"elementor-button-icon\">\n\t\t\t\t<svg aria-hidden=\"true\" class=\"e-font-icon-svg e-fas-arrow-right\" viewbox=\"0 0 448 512\" xmlns=\"http:\/\/www.w3.org\/2000\/svg\"><path d=\"M190.5 66.9l22.2-22.2c9.4-9.4 24.6-9.4 33.9 0L441 239c9.4 9.4 9.4 24.6 0 33.9L246.6 467.3c-9.4 9.4-24.6 9.4-33.9 0l-22.2-22.2c-9.5-9.5-9.3-25 .4-34.3L311.4 296H24c-13.3 0-24-10.7-24-24v-32c0-13.3 10.7-24 24-24h287.4L190.9 101.2c-9.8-9.3-10-24.8-.4-34.3z\"><\/path><\/svg>\t\t\t<\/span>\n\t\t\t\t\t\t\t\t\t<span class=\"elementor-button-text\">Contact<\/span>\n\t\t\t\t\t<\/span>\n\t\t\t\t\t<\/a>\n\t\t\t\t<\/div>\n\t\t\t\t\t\t\t\t<\/div>\n\t\t\t\t<\/div>\n\t\t\t\t\t<\/div>\n\t\t<\/div>\n\t\t\t\t\t<\/div>\n\t\t<\/section>\n\t\t\t\t<\/div>","protected":false},"excerpt":{"rendered":"<p>Ortakl\u0131klar\u0131m\u0131zla G\u00fc\u00e7leniyoruz Xolustan Enerji, sekt\u00f6rdeki liderlik konumumuzu, birlikte \u00e7al\u0131\u015ft\u0131\u011f\u0131m\u0131z prestijli firmalarla kurdu\u011fumuz sa\u011flam ortakl\u0131klar \u00fczerine in\u015fa ettik. \u0130\u015f birliklerimiz, m\u00fc\u015fterilerimize s\u00fcrd\u00fcr\u00fclebilir ve [&hellip;]<\/p>\n","protected":false},"author":1,"featured_media":0,"parent":0,"menu_order":0,"comment_status":"closed","ping_status":"closed","template":"","meta":{"footnotes":""},"class_list":["post-39","page","type-page","status-publish","hentry"],"yoast_head":"<!-- This site is optimized with the Yoast SEO plugin v26.8 - https:\/\/yoast.com\/product\/yoast-seo-wordpress\/ -->\n<title>\u00c7al\u0131\u015ft\u0131\u011f\u0131m\u0131z Firmalar - xolustanenerji<\/title>\n<meta name=\"robots\" content=\"index, follow, max-snippet:-1, max-image-preview:large, max-video-preview:-1\" \/>\n<link rel=\"canonical\" href=\"https:\/\/xolustanenerji.com\/en\/calistigimiz-firmalar\/\" \/>\n<meta property=\"og:locale\" content=\"en_GB\" \/>\n<meta property=\"og:type\" content=\"article\" \/>\n<meta property=\"og:title\" content=\"\u00c7al\u0131\u015ft\u0131\u011f\u0131m\u0131z Firmalar - xolustanenerji\" \/>\n<meta property=\"og:description\" content=\"Ortakl\u0131klar\u0131m\u0131zla G\u00fc\u00e7leniyoruz Xolustan Enerji, sekt\u00f6rdeki liderlik konumumuzu, birlikte \u00e7al\u0131\u015ft\u0131\u011f\u0131m\u0131z prestijli firmalarla kurdu\u011fumuz sa\u011flam ortakl\u0131klar \u00fczerine in\u015fa ettik. \u0130\u015f birliklerimiz, m\u00fc\u015fterilerimize s\u00fcrd\u00fcr\u00fclebilir ve [&hellip;]\" \/>\n<meta property=\"og:url\" content=\"https:\/\/xolustanenerji.com\/en\/calistigimiz-firmalar\/\" \/>\n<meta property=\"og:site_name\" content=\"xolustanenerji\" \/>\n<meta property=\"article:modified_time\" content=\"2026-03-25T07:38:11+00:00\" \/>\n<meta property=\"og:image\" content=\"https:\/\/xolustanenerji.com\/wp-content\/uploads\/2025\/01\/Adsiz-tasarim-2025-01-21T175529.014.webp\" \/>\n<meta name=\"twitter:card\" content=\"summary_large_image\" \/>\n<meta name=\"twitter:label1\" content=\"Estimated reading time\" \/>\n\t<meta name=\"twitter:data1\" content=\"4 minutes\" \/>\n<script type=\"application\/ld+json\" class=\"yoast-schema-graph\">{\"@context\":\"https:\/\/schema.org\",\"@graph\":[{\"@type\":\"WebPage\",\"@id\":\"https:\/\/xolustanenerji.com\/calistigimiz-firmalar\/\",\"url\":\"https:\/\/xolustanenerji.com\/calistigimiz-firmalar\/\",\"name\":\"\u00c7al\u0131\u015ft\u0131\u011f\u0131m\u0131z Firmalar - xolustanenerji\",\"isPartOf\":{\"@id\":\"https:\/\/xolustanenerji.com\/#website\"},\"primaryImageOfPage\":{\"@id\":\"https:\/\/xolustanenerji.com\/calistigimiz-firmalar\/#primaryimage\"},\"image\":{\"@id\":\"https:\/\/xolustanenerji.com\/calistigimiz-firmalar\/#primaryimage\"},\"thumbnailUrl\":\"https:\/\/xolustanenerji.com\/wp-content\/uploads\/2025\/01\/Adsiz-tasarim-2025-01-21T175529.014.webp\",\"datePublished\":\"2024-01-13T10:45:23+00:00\",\"dateModified\":\"2026-03-25T07:38:11+00:00\",\"breadcrumb\":{\"@id\":\"https:\/\/xolustanenerji.com\/calistigimiz-firmalar\/#breadcrumb\"},\"inLanguage\":\"en-GB\",\"potentialAction\":[{\"@type\":\"ReadAction\",\"target\":[\"https:\/\/xolustanenerji.com\/calistigimiz-firmalar\/\"]}]},{\"@type\":\"ImageObject\",\"inLanguage\":\"en-GB\",\"@id\":\"https:\/\/xolustanenerji.com\/calistigimiz-firmalar\/#primaryimage\",\"url\":\"https:\/\/xolustanenerji.com\/wp-content\/uploads\/2025\/01\/Adsiz-tasarim-2025-01-21T175529.014.webp\",\"contentUrl\":\"https:\/\/xolustanenerji.com\/wp-content\/uploads\/2025\/01\/Adsiz-tasarim-2025-01-21T175529.014.webp\"},{\"@type\":\"BreadcrumbList\",\"@id\":\"https:\/\/xolustanenerji.com\/calistigimiz-firmalar\/#breadcrumb\",\"itemListElement\":[{\"@type\":\"ListItem\",\"position\":1,\"name\":\"Anasayfa\",\"item\":\"https:\/\/xolustanenerji.com\/\"},{\"@type\":\"ListItem\",\"position\":2,\"name\":\"\u00c7al\u0131\u015ft\u0131\u011f\u0131m\u0131z Firmalar\"}]},{\"@type\":\"WebSite\",\"@id\":\"https:\/\/xolustanenerji.com\/#website\",\"url\":\"https:\/\/xolustanenerji.com\/\",\"name\":\"Xolustan Enerji\",\"description\":\"\",\"publisher\":{\"@id\":\"https:\/\/xolustanenerji.com\/#organization\"},\"potentialAction\":[{\"@type\":\"SearchAction\",\"target\":{\"@type\":\"EntryPoint\",\"urlTemplate\":\"https:\/\/xolustanenerji.com\/?s={search_term_string}\"},\"query-input\":{\"@type\":\"PropertyValueSpecification\",\"valueRequired\":true,\"valueName\":\"search_term_string\"}}],\"inLanguage\":\"en-GB\"},{\"@type\":\"Organization\",\"@id\":\"https:\/\/xolustanenerji.com\/#organization\",\"name\":\"Xolustan Enerji\",\"url\":\"https:\/\/xolustanenerji.com\/\",\"logo\":{\"@type\":\"ImageObject\",\"inLanguage\":\"en-GB\",\"@id\":\"https:\/\/xolustanenerji.com\/#\/schema\/logo\/image\/\",\"url\":\"https:\/\/xolustanenerji.com\/wp-content\/uploads\/2022\/07\/xo-1-2.png\",\"contentUrl\":\"https:\/\/xolustanenerji.com\/wp-content\/uploads\/2022\/07\/xo-1-2.png\",\"width\":1042,\"height\":1042,\"caption\":\"Xolustan Enerji\"},\"image\":{\"@id\":\"https:\/\/xolustanenerji.com\/#\/schema\/logo\/image\/\"}}]}<\/script>\n<!-- \/ Yoast SEO plugin. -->","yoast_head_json":{"title":"\u00c7al\u0131\u015ft\u0131\u011f\u0131m\u0131z Firmalar - xolustanenerji","robots":{"index":"index","follow":"follow","max-snippet":"max-snippet:-1","max-image-preview":"max-image-preview:large","max-video-preview":"max-video-preview:-1"},"canonical":"https:\/\/xolustanenerji.com\/en\/calistigimiz-firmalar\/","og_locale":"en_GB","og_type":"article","og_title":"\u00c7al\u0131\u015ft\u0131\u011f\u0131m\u0131z Firmalar - xolustanenerji","og_description":"Ortakl\u0131klar\u0131m\u0131zla G\u00fc\u00e7leniyoruz Xolustan Enerji, sekt\u00f6rdeki liderlik konumumuzu, birlikte \u00e7al\u0131\u015ft\u0131\u011f\u0131m\u0131z prestijli firmalarla kurdu\u011fumuz sa\u011flam ortakl\u0131klar \u00fczerine in\u015fa ettik. \u0130\u015f birliklerimiz, m\u00fc\u015fterilerimize s\u00fcrd\u00fcr\u00fclebilir ve [&hellip;]","og_url":"https:\/\/xolustanenerji.com\/en\/calistigimiz-firmalar\/","og_site_name":"xolustanenerji","article_modified_time":"2026-03-25T07:38:11+00:00","og_image":[{"url":"https:\/\/xolustanenerji.com\/wp-content\/uploads\/2025\/01\/Adsiz-tasarim-2025-01-21T175529.014.webp","type":"","width":"","height":""}],"twitter_card":"summary_large_image","twitter_misc":{"Estimated reading time":"4 minutes"},"schema":{"@context":"https:\/\/schema.org","@graph":[{"@type":"WebPage","@id":"https:\/\/xolustanenerji.com\/calistigimiz-firmalar\/","url":"https:\/\/xolustanenerji.com\/calistigimiz-firmalar\/","name":"\u00c7al\u0131\u015ft\u0131\u011f\u0131m\u0131z Firmalar - xolustanenerji","isPartOf":{"@id":"https:\/\/xolustanenerji.com\/#website"},"primaryImageOfPage":{"@id":"https:\/\/xolustanenerji.com\/calistigimiz-firmalar\/#primaryimage"},"image":{"@id":"https:\/\/xolustanenerji.com\/calistigimiz-firmalar\/#primaryimage"},"thumbnailUrl":"https:\/\/xolustanenerji.com\/wp-content\/uploads\/2025\/01\/Adsiz-tasarim-2025-01-21T175529.014.webp","datePublished":"2024-01-13T10:45:23+00:00","dateModified":"2026-03-25T07:38:11+00:00","breadcrumb":{"@id":"https:\/\/xolustanenerji.com\/calistigimiz-firmalar\/#breadcrumb"},"inLanguage":"en-GB","potentialAction":[{"@type":"ReadAction","target":["https:\/\/xolustanenerji.com\/calistigimiz-firmalar\/"]}]},{"@type":"ImageObject","inLanguage":"en-GB","@id":"https:\/\/xolustanenerji.com\/calistigimiz-firmalar\/#primaryimage","url":"https:\/\/xolustanenerji.com\/wp-content\/uploads\/2025\/01\/Adsiz-tasarim-2025-01-21T175529.014.webp","contentUrl":"https:\/\/xolustanenerji.com\/wp-content\/uploads\/2025\/01\/Adsiz-tasarim-2025-01-21T175529.014.webp"},{"@type":"BreadcrumbList","@id":"https:\/\/xolustanenerji.com\/calistigimiz-firmalar\/#breadcrumb","itemListElement":[{"@type":"ListItem","position":1,"name":"Anasayfa","item":"https:\/\/xolustanenerji.com\/"},{"@type":"ListItem","position":2,"name":"\u00c7al\u0131\u015ft\u0131\u011f\u0131m\u0131z Firmalar"}]},{"@type":"WebSite","@id":"https:\/\/xolustanenerji.com\/#website","url":"https:\/\/xolustanenerji.com\/","name":"Xolustan Enerji","description":"","publisher":{"@id":"https:\/\/xolustanenerji.com\/#organization"},"potentialAction":[{"@type":"SearchAction","target":{"@type":"EntryPoint","urlTemplate":"https:\/\/xolustanenerji.com\/?s={search_term_string}"},"query-input":{"@type":"PropertyValueSpecification","valueRequired":true,"valueName":"search_term_string"}}],"inLanguage":"en-GB"},{"@type":"Organization","@id":"https:\/\/xolustanenerji.com\/#organization","name":"Xolustan Enerji","url":"https:\/\/xolustanenerji.com\/","logo":{"@type":"ImageObject","inLanguage":"en-GB","@id":"https:\/\/xolustanenerji.com\/#\/schema\/logo\/image\/","url":"https:\/\/xolustanenerji.com\/wp-content\/uploads\/2022\/07\/xo-1-2.png","contentUrl":"https:\/\/xolustanenerji.com\/wp-content\/uploads\/2022\/07\/xo-1-2.png","width":1042,"height":1042,"caption":"Xolustan Enerji"},"image":{"@id":"https:\/\/xolustanenerji.com\/#\/schema\/logo\/image\/"}}]}},"_links":{"self":[{"href":"https:\/\/xolustanenerji.com\/en\/wp-json\/wp\/v2\/pages\/39","targetHints":{"allow":["GET"]}}],"collection":[{"href":"https:\/\/xolustanenerji.com\/en\/wp-json\/wp\/v2\/pages"}],"about":[{"href":"https:\/\/xolustanenerji.com\/en\/wp-json\/wp\/v2\/types\/page"}],"author":[{"embeddable":true,"href":"https:\/\/xolustanenerji.com\/en\/wp-json\/wp\/v2\/users\/1"}],"replies":[{"embeddable":true,"href":"https:\/\/xolustanenerji.com\/en\/wp-json\/wp\/v2\/comments?post=39"}],"version-history":[{"count":16,"href":"https:\/\/xolustanenerji.com\/en\/wp-json\/wp\/v2\/pages\/39\/revisions"}],"predecessor-version":[{"id":805,"href":"https:\/\/xolustanenerji.com\/en\/wp-json\/wp\/v2\/pages\/39\/revisions\/805"}],"wp:attachment":[{"href":"https:\/\/xolustanenerji.com\/en\/wp-json\/wp\/v2\/media?parent=39"}],"curies":[{"name":"wp","href":"https:\/\/api.w.org\/{rel}","templated":true}]}}