{"id":9,"date":"2022-07-04T09:53:30","date_gmt":"2022-07-04T06:53:30","guid":{"rendered":"https:\/\/xolustanenerji.com\/about\/"},"modified":"2026-03-25T10:38:23","modified_gmt":"2026-03-25T07:38:23","slug":"hakkimizda","status":"publish","type":"page","link":"https:\/\/xolustanenerji.com\/en\/hakkimizda\/","title":{"rendered":"About us"},"content":{"rendered":"\t\t<div data-elementor-type=\"wp-page\" data-elementor-id=\"9\" class=\"elementor elementor-9\" data-elementor-post-type=\"page\">\n\t\t\t\t<div class=\"elementor-element elementor-element-bce2bb6 e-con-full elementor-hidden-desktop elementor-hidden-tablet elementor-hidden-mobile e-flex e-con e-parent\" data-id=\"bce2bb6\" data-element_type=\"container\" data-e-type=\"container\">\n\t\t\t\t<div class=\"elementor-element elementor-element-64aa307 elementor-widget elementor-widget-bdt-marquee\" data-id=\"64aa307\" data-element_type=\"widget\" data-e-type=\"widget\" data-settings=\"{&quot;marquee_type&quot;:&quot;image&quot;,&quot;marquee_pause_on_hover&quot;:&quot;yes&quot;,&quot;marquee_speed&quot;:20,&quot;marquee_direction&quot;:&quot;left&quot;}\" data-widget_type=\"bdt-marquee.default\">\n\t\t\t\t<div class=\"elementor-widget-container\">\n\t\t\t\t\t\n\n        <div id=\"bdt-marque-64aa307\" class=\"bdt-marquee marquee-type-image\">\n            <div class=\"marquee-rolling-wrapper\">\n                <div class=\"marquee-rolling\">\n                    \n                                            <div class=\"marquee-content-image\"><img fetchpriority=\"high\" decoding=\"async\" width=\"2000\" height=\"1000\" src=\"https:\/\/xolustanenerji.com\/wp-content\/uploads\/2025\/01\/Adsiz-tasarim-2025-01-21T175529.014.webp\" class=\"attachment-full size-full\" alt=\"\" srcset=\"https:\/\/xolustanenerji.com\/wp-content\/uploads\/2025\/01\/Adsiz-tasarim-2025-01-21T175529.014.webp 2000w, https:\/\/xolustanenerji.com\/wp-content\/uploads\/2025\/01\/Adsiz-tasarim-2025-01-21T175529.014-300x150.webp 300w, https:\/\/xolustanenerji.com\/wp-content\/uploads\/2025\/01\/Adsiz-tasarim-2025-01-21T175529.014-1024x512.webp 1024w, https:\/\/xolustanenerji.com\/wp-content\/uploads\/2025\/01\/Adsiz-tasarim-2025-01-21T175529.014-768x384.webp 768w, https:\/\/xolustanenerji.com\/wp-content\/uploads\/2025\/01\/Adsiz-tasarim-2025-01-21T175529.014-1536x768.webp 1536w, https:\/\/xolustanenerji.com\/wp-content\/uploads\/2025\/01\/Adsiz-tasarim-2025-01-21T175529.014-18x9.webp 18w, https:\/\/xolustanenerji.com\/wp-content\/uploads\/2025\/01\/Adsiz-tasarim-2025-01-21T175529.014-650x325.webp 650w\" sizes=\"(max-width: 2000px) 100vw, 2000px\" \/><\/div>                        <div class=\"marquee-content-image\"><img decoding=\"async\" width=\"2000\" height=\"1000\" src=\"https:\/\/xolustanenerji.com\/wp-content\/uploads\/2025\/01\/Adsiz-tasarim-2025-01-21T175514.820.webp\" class=\"attachment-full size-full\" alt=\"\" srcset=\"https:\/\/xolustanenerji.com\/wp-content\/uploads\/2025\/01\/Adsiz-tasarim-2025-01-21T175514.820.webp 2000w, https:\/\/xolustanenerji.com\/wp-content\/uploads\/2025\/01\/Adsiz-tasarim-2025-01-21T175514.820-300x150.webp 300w, https:\/\/xolustanenerji.com\/wp-content\/uploads\/2025\/01\/Adsiz-tasarim-2025-01-21T175514.820-1024x512.webp 1024w, https:\/\/xolustanenerji.com\/wp-content\/uploads\/2025\/01\/Adsiz-tasarim-2025-01-21T175514.820-768x384.webp 768w, https:\/\/xolustanenerji.com\/wp-content\/uploads\/2025\/01\/Adsiz-tasarim-2025-01-21T175514.820-1536x768.webp 1536w, https:\/\/xolustanenerji.com\/wp-content\/uploads\/2025\/01\/Adsiz-tasarim-2025-01-21T175514.820-18x9.webp 18w, https:\/\/xolustanenerji.com\/wp-content\/uploads\/2025\/01\/Adsiz-tasarim-2025-01-21T175514.820-650x325.webp 650w\" sizes=\"(max-width: 2000px) 100vw, 2000px\" \/><\/div>                        <div class=\"marquee-content-image\"><img decoding=\"async\" width=\"2000\" height=\"1000\" src=\"https:\/\/xolustanenerji.com\/wp-content\/uploads\/2025\/01\/Adsiz-tasarim-2025-01-21T175456.611.webp\" class=\"attachment-full size-full\" alt=\"\" srcset=\"https:\/\/xolustanenerji.com\/wp-content\/uploads\/2025\/01\/Adsiz-tasarim-2025-01-21T175456.611.webp 2000w, https:\/\/xolustanenerji.com\/wp-content\/uploads\/2025\/01\/Adsiz-tasarim-2025-01-21T175456.611-300x150.webp 300w, https:\/\/xolustanenerji.com\/wp-content\/uploads\/2025\/01\/Adsiz-tasarim-2025-01-21T175456.611-1024x512.webp 1024w, https:\/\/xolustanenerji.com\/wp-content\/uploads\/2025\/01\/Adsiz-tasarim-2025-01-21T175456.611-768x384.webp 768w, https:\/\/xolustanenerji.com\/wp-content\/uploads\/2025\/01\/Adsiz-tasarim-2025-01-21T175456.611-1536x768.webp 1536w, https:\/\/xolustanenerji.com\/wp-content\/uploads\/2025\/01\/Adsiz-tasarim-2025-01-21T175456.611-18x9.webp 18w, https:\/\/xolustanenerji.com\/wp-content\/uploads\/2025\/01\/Adsiz-tasarim-2025-01-21T175456.611-650x325.webp 650w\" sizes=\"(max-width: 2000px) 100vw, 2000px\" \/><\/div>                        <div class=\"marquee-content-image\"><img loading=\"lazy\" decoding=\"async\" width=\"2000\" height=\"1000\" src=\"https:\/\/xolustanenerji.com\/wp-content\/uploads\/2025\/01\/Adsiz-tasarim-2025-01-21T175446.612.webp\" class=\"attachment-full size-full\" alt=\"\" srcset=\"https:\/\/xolustanenerji.com\/wp-content\/uploads\/2025\/01\/Adsiz-tasarim-2025-01-21T175446.612.webp 2000w, https:\/\/xolustanenerji.com\/wp-content\/uploads\/2025\/01\/Adsiz-tasarim-2025-01-21T175446.612-300x150.webp 300w, https:\/\/xolustanenerji.com\/wp-content\/uploads\/2025\/01\/Adsiz-tasarim-2025-01-21T175446.612-1024x512.webp 1024w, https:\/\/xolustanenerji.com\/wp-content\/uploads\/2025\/01\/Adsiz-tasarim-2025-01-21T175446.612-768x384.webp 768w, https:\/\/xolustanenerji.com\/wp-content\/uploads\/2025\/01\/Adsiz-tasarim-2025-01-21T175446.612-1536x768.webp 1536w, https:\/\/xolustanenerji.com\/wp-content\/uploads\/2025\/01\/Adsiz-tasarim-2025-01-21T175446.612-18x9.webp 18w, https:\/\/xolustanenerji.com\/wp-content\/uploads\/2025\/01\/Adsiz-tasarim-2025-01-21T175446.612-650x325.webp 650w\" sizes=\"(max-width: 2000px) 100vw, 2000px\" \/><\/div>                        <div class=\"marquee-content-image\"><img loading=\"lazy\" decoding=\"async\" width=\"2000\" height=\"1000\" src=\"https:\/\/xolustanenerji.com\/wp-content\/uploads\/2025\/01\/Adsiz-tasarim-2025-01-21T175437.613.webp\" class=\"attachment-full size-full\" alt=\"\" srcset=\"https:\/\/xolustanenerji.com\/wp-content\/uploads\/2025\/01\/Adsiz-tasarim-2025-01-21T175437.613.webp 2000w, https:\/\/xolustanenerji.com\/wp-content\/uploads\/2025\/01\/Adsiz-tasarim-2025-01-21T175437.613-300x150.webp 300w, https:\/\/xolustanenerji.com\/wp-content\/uploads\/2025\/01\/Adsiz-tasarim-2025-01-21T175437.613-1024x512.webp 1024w, https:\/\/xolustanenerji.com\/wp-content\/uploads\/2025\/01\/Adsiz-tasarim-2025-01-21T175437.613-768x384.webp 768w, https:\/\/xolustanenerji.com\/wp-content\/uploads\/2025\/01\/Adsiz-tasarim-2025-01-21T175437.613-1536x768.webp 1536w, https:\/\/xolustanenerji.com\/wp-content\/uploads\/2025\/01\/Adsiz-tasarim-2025-01-21T175437.613-18x9.webp 18w, https:\/\/xolustanenerji.com\/wp-content\/uploads\/2025\/01\/Adsiz-tasarim-2025-01-21T175437.613-650x325.webp 650w\" sizes=\"(max-width: 2000px) 100vw, 2000px\" \/><\/div>                        <div class=\"marquee-content-image\"><img loading=\"lazy\" decoding=\"async\" width=\"2000\" height=\"1000\" src=\"https:\/\/xolustanenerji.com\/wp-content\/uploads\/2025\/01\/Adsiz-tasarim-2025-01-21T175424.208.webp\" class=\"attachment-full size-full\" alt=\"\" srcset=\"https:\/\/xolustanenerji.com\/wp-content\/uploads\/2025\/01\/Adsiz-tasarim-2025-01-21T175424.208.webp 2000w, https:\/\/xolustanenerji.com\/wp-content\/uploads\/2025\/01\/Adsiz-tasarim-2025-01-21T175424.208-300x150.webp 300w, https:\/\/xolustanenerji.com\/wp-content\/uploads\/2025\/01\/Adsiz-tasarim-2025-01-21T175424.208-1024x512.webp 1024w, https:\/\/xolustanenerji.com\/wp-content\/uploads\/2025\/01\/Adsiz-tasarim-2025-01-21T175424.208-768x384.webp 768w, https:\/\/xolustanenerji.com\/wp-content\/uploads\/2025\/01\/Adsiz-tasarim-2025-01-21T175424.208-1536x768.webp 1536w, https:\/\/xolustanenerji.com\/wp-content\/uploads\/2025\/01\/Adsiz-tasarim-2025-01-21T175424.208-18x9.webp 18w, https:\/\/xolustanenerji.com\/wp-content\/uploads\/2025\/01\/Adsiz-tasarim-2025-01-21T175424.208-650x325.webp 650w\" sizes=\"(max-width: 2000px) 100vw, 2000px\" \/><\/div>                        <div class=\"marquee-content-image\"><img loading=\"lazy\" decoding=\"async\" width=\"2000\" height=\"1000\" src=\"https:\/\/xolustanenerji.com\/wp-content\/uploads\/2025\/01\/Adsiz-tasarim-2025-01-21T175411.524.webp\" class=\"attachment-full size-full\" alt=\"\" srcset=\"https:\/\/xolustanenerji.com\/wp-content\/uploads\/2025\/01\/Adsiz-tasarim-2025-01-21T175411.524.webp 2000w, https:\/\/xolustanenerji.com\/wp-content\/uploads\/2025\/01\/Adsiz-tasarim-2025-01-21T175411.524-300x150.webp 300w, https:\/\/xolustanenerji.com\/wp-content\/uploads\/2025\/01\/Adsiz-tasarim-2025-01-21T175411.524-1024x512.webp 1024w, https:\/\/xolustanenerji.com\/wp-content\/uploads\/2025\/01\/Adsiz-tasarim-2025-01-21T175411.524-768x384.webp 768w, https:\/\/xolustanenerji.com\/wp-content\/uploads\/2025\/01\/Adsiz-tasarim-2025-01-21T175411.524-1536x768.webp 1536w, https:\/\/xolustanenerji.com\/wp-content\/uploads\/2025\/01\/Adsiz-tasarim-2025-01-21T175411.524-18x9.webp 18w, https:\/\/xolustanenerji.com\/wp-content\/uploads\/2025\/01\/Adsiz-tasarim-2025-01-21T175411.524-650x325.webp 650w\" sizes=\"(max-width: 2000px) 100vw, 2000px\" \/><\/div>                                            \n                <\/div>\n            <\/div>\n        <\/div>\n\n\t\t\t\t<\/div>\n\t\t\t\t<\/div>\n\t\t\t\t<\/div>\n\t\t\t\t<div class=\"elementor-section elementor-top-section elementor-element elementor-element-4939bb3b elementor-reverse-tablet elementor-reverse-mobile elementor-section-content-middle elementor-section-boxed elementor-section-height-default elementor-section-height-default\" data-id=\"4939bb3b\" data-element_type=\"section\" data-e-type=\"section\">\n\t\t\t\t\t\t<div class=\"elementor-container elementor-column-gap-default\">\n\t\t\t\t\t<div class=\"elementor-column elementor-col-50 elementor-top-column elementor-element elementor-element-5bc56db\" data-id=\"5bc56db\" data-element_type=\"column\" data-e-type=\"column\" data-settings=\"{&quot;background_background&quot;:&quot;classic&quot;}\">\n\t\t\t<div class=\"elementor-widget-wrap elementor-element-populated\">\n\t\t\t\t\t\t<div class=\"elementor-element elementor-element-f32e6a4 elementor-widget elementor-widget-image\" data-id=\"f32e6a4\" data-element_type=\"widget\" data-e-type=\"widget\" data-widget_type=\"image.default\">\n\t\t\t\t<div class=\"elementor-widget-container\">\n\t\t\t\t\t\t\t\t\t\t\t\t\t\t\t<img loading=\"lazy\" decoding=\"async\" width=\"1290\" height=\"1623\" src=\"https:\/\/xolustanenerji.com\/wp-content\/uploads\/2025\/01\/IMG_9438.webp\" class=\"attachment-full size-full wp-image-533\" alt=\"\" srcset=\"https:\/\/xolustanenerji.com\/wp-content\/uploads\/2025\/01\/IMG_9438.webp 1290w, https:\/\/xolustanenerji.com\/wp-content\/uploads\/2025\/01\/IMG_9438-238x300.webp 238w, https:\/\/xolustanenerji.com\/wp-content\/uploads\/2025\/01\/IMG_9438-814x1024.webp 814w, https:\/\/xolustanenerji.com\/wp-content\/uploads\/2025\/01\/IMG_9438-768x966.webp 768w, https:\/\/xolustanenerji.com\/wp-content\/uploads\/2025\/01\/IMG_9438-1221x1536.webp 1221w, https:\/\/xolustanenerji.com\/wp-content\/uploads\/2025\/01\/IMG_9438-10x12.webp 10w, https:\/\/xolustanenerji.com\/wp-content\/uploads\/2025\/01\/IMG_9438-517x650.webp 517w\" sizes=\"(max-width: 1290px) 100vw, 1290px\" \/>\t\t\t\t\t\t\t\t\t\t\t\t\t\t\t<\/div>\n\t\t\t\t<\/div>\n\t\t\t\t\t<\/div>\n\t\t<\/div>\n\t\t\t\t<div class=\"elementor-column elementor-col-50 elementor-top-column elementor-element elementor-element-694e0768\" data-id=\"694e0768\" data-element_type=\"column\" data-e-type=\"column\">\n\t\t\t<div class=\"elementor-widget-wrap elementor-element-populated\">\n\t\t\t\t\t\t<div class=\"elementor-element elementor-element-391370d6 elementor-widget elementor-widget-heading\" data-id=\"391370d6\" data-element_type=\"widget\" data-e-type=\"widget\" data-widget_type=\"heading.default\">\n\t\t\t\t<div class=\"elementor-widget-container\">\n\t\t\t\t\t<h2 class=\"elementor-heading-title elementor-size-default\">Vizyonumuz<\/h2>\t\t\t\t<\/div>\n\t\t\t\t<\/div>\n\t\t\t\t<div class=\"elementor-element elementor-element-0755c33 elementor-icon-list--layout-traditional elementor-list-item-link-full_width elementor-widget elementor-widget-icon-list\" data-id=\"0755c33\" data-element_type=\"widget\" data-e-type=\"widget\" data-widget_type=\"icon-list.default\">\n\t\t\t\t<div class=\"elementor-widget-container\">\n\t\t\t\t\t\t\t<ul class=\"elementor-icon-list-items\">\n\t\t\t\t\t\t\t<li class=\"elementor-icon-list-item\">\n\t\t\t\t\t\t\t\t\t\t\t<span class=\"elementor-icon-list-icon\">\n\t\t\t\t\t\t\t<svg aria-hidden=\"true\" class=\"e-font-icon-svg e-fas-check-circle\" viewBox=\"0 0 512 512\" xmlns=\"http:\/\/www.w3.org\/2000\/svg\"><path d=\"M504 256c0 136.967-111.033 248-248 248S8 392.967 8 256 119.033 8 256 8s248 111.033 248 248zM227.314 387.314l184-184c6.248-6.248 6.248-16.379 0-22.627l-22.627-22.627c-6.248-6.249-16.379-6.249-22.628 0L216 308.118l-70.059-70.059c-6.248-6.248-16.379-6.248-22.628 0l-22.627 22.627c-6.248 6.248-6.248 16.379 0 22.627l104 104c6.249 6.249 16.379 6.249 22.628.001z\"><\/path><\/svg>\t\t\t\t\t\t<\/span>\n\t\t\t\t\t\t\t\t\t\t<span class=\"elementor-icon-list-text\">Gelecek i\u00e7in yenilenebilir enerji<\/span>\n\t\t\t\t\t\t\t\t\t<\/li>\n\t\t\t\t\t\t<\/ul>\n\t\t\t\t\t\t<\/div>\n\t\t\t\t<\/div>\n\t\t\t\t<div class=\"elementor-element elementor-element-47a135a9 elementor-widget__width-initial elementor-widget elementor-widget-text-editor\" data-id=\"47a135a9\" data-element_type=\"widget\" data-e-type=\"widget\" data-widget_type=\"text-editor.default\">\n\t\t\t\t<div class=\"elementor-widget-container\">\n\t\t\t\t\t\t\t\t\t<p>Xolustan Enerji, daha temiz bir d\u00fcnya ve s\u00fcrd\u00fcr\u00fclebilir bir gelecek i\u00e7in yenilenebilir enerji \u00e7\u00f6z\u00fcmleri sunan lider bir \u015firkettir. G\u00fcne\u015ften r\u00fczgara, hidroelektrikten biyok\u00fctleye kadar geni\u015f bir yelpazedeki yenilenebilir enerji kaynaklar\u0131n\u0131 kullanarak, \u00e7evre dostu ve yenilik\u00e7i \u00fcr\u00fcnler geli\u015ftiriyoruz. Vizyonumuz, yenilenebilir enerji teknolojilerinin eri\u015filebilirli\u011fini art\u0131rarak gezegenimizi korumak ve m\u00fc\u015fterilerimize s\u00fcrd\u00fcr\u00fclebilir de\u011ferler sunmakt\u0131r.<\/p>\t\t\t\t\t\t\t\t<\/div>\n\t\t\t\t<\/div>\n\t\t\t\t\t<\/div>\n\t\t<\/div>\n\t\t\t\t\t<\/div>\n\t\t<\/div>\n\t\t\t\t<section class=\"elementor-section elementor-top-section elementor-element elementor-element-15ebb344 elementor-section-boxed elementor-section-height-default elementor-section-height-default\" data-id=\"15ebb344\" data-element_type=\"section\" data-e-type=\"section\">\n\t\t\t\t\t\t<div class=\"elementor-container elementor-column-gap-default\">\n\t\t\t\t\t<div class=\"elementor-column elementor-col-50 elementor-top-column elementor-element elementor-element-bd15707\" data-id=\"bd15707\" data-element_type=\"column\" data-e-type=\"column\">\n\t\t\t<div class=\"elementor-widget-wrap elementor-element-populated\">\n\t\t\t\t\t\t<div class=\"elementor-element elementor-element-29585730 elementor-widget elementor-widget-heading\" data-id=\"29585730\" data-element_type=\"widget\" data-e-type=\"widget\" data-widget_type=\"heading.default\">\n\t\t\t\t<div class=\"elementor-widget-container\">\n\t\t\t\t\t<h2 class=\"elementor-heading-title elementor-size-default\">Enerji Tasarufunuzu %200'e Kadar Artt\u0131r\u0131n<\/h2>\t\t\t\t<\/div>\n\t\t\t\t<\/div>\n\t\t\t\t<div class=\"elementor-element elementor-element-7a227294 elementor-widget elementor-widget-text-editor\" data-id=\"7a227294\" data-element_type=\"widget\" data-e-type=\"widget\" data-widget_type=\"text-editor.default\">\n\t\t\t\t<div class=\"elementor-widget-container\">\n\t\t\t\t\t\t\t\t\t<div class=\"min-h-[20px] text-message flex flex-col items-start gap-3 whitespace-pre-wrap break-words [.text-message+&amp;]:mt-5 overflow-x-auto\" data-message-author-role=\"assistant\" data-message-id=\"f72b6379-066b-434c-be62-60e6e089216f\"><div class=\"markdown prose w-full break-words dark:prose-invert dark\"><p>Enerji tasarrufunuza %200&#8217;e kadar art\u0131\u015f sa\u011flayacak yenilik\u00e7i \u00e7\u00f6z\u00fcmlerimizle, m\u00fc\u015fterilerimizin hayat\u0131n\u0131 kolayla\u015ft\u0131r\u0131yor ve gezegenimizi koruyoruz. Strateji, tasar\u0131m ve planlama s\u00fcre\u00e7lerimizle, sadece enerji \u00e7\u00f6z\u00fcmleri sunmakla kalmay\u0131p, ayn\u0131 zamanda markalar\u0131n\u0131z i\u00e7in g\u00fc\u00e7l\u00fc kimlikler olu\u015fturuyoruz. Bu kimlikler, sizin hedeflerinize ve pazar\u0131n\u0131za uygun olarak tasarlanmakta, ard\u0131ndan odaklanm\u0131\u015f pazarlama stratejileriyle desteklenmektedir.<\/p><\/div><\/div>\t\t\t\t\t\t\t\t<\/div>\n\t\t\t\t<\/div>\n\t\t\t\t\t<\/div>\n\t\t<\/div>\n\t\t\t\t<div class=\"elementor-column elementor-col-50 elementor-top-column elementor-element elementor-element-60730e3c\" data-id=\"60730e3c\" data-element_type=\"column\" data-e-type=\"column\">\n\t\t\t<div class=\"elementor-widget-wrap elementor-element-populated\">\n\t\t\t\t\t\t<div class=\"elementor-element elementor-element-0660e12 elementor-widget elementor-widget-image\" data-id=\"0660e12\" data-element_type=\"widget\" data-e-type=\"widget\" data-widget_type=\"image.default\">\n\t\t\t\t<div class=\"elementor-widget-container\">\n\t\t\t\t\t\t\t\t\t\t\t\t\t\t\t<img loading=\"lazy\" decoding=\"async\" width=\"1000\" height=\"553\" src=\"https:\/\/xolustanenerji.com\/wp-content\/uploads\/2025\/01\/IMG_9500-1024x566.webp\" class=\"attachment-large size-large wp-image-592\" alt=\"\" srcset=\"https:\/\/xolustanenerji.com\/wp-content\/uploads\/2025\/01\/IMG_9500-1024x566.webp 1024w, https:\/\/xolustanenerji.com\/wp-content\/uploads\/2025\/01\/IMG_9500-300x166.webp 300w, https:\/\/xolustanenerji.com\/wp-content\/uploads\/2025\/01\/IMG_9500-768x424.webp 768w, https:\/\/xolustanenerji.com\/wp-content\/uploads\/2025\/01\/IMG_9500-18x10.webp 18w, https:\/\/xolustanenerji.com\/wp-content\/uploads\/2025\/01\/IMG_9500-650x359.webp 650w, https:\/\/xolustanenerji.com\/wp-content\/uploads\/2025\/01\/IMG_9500.webp 1290w\" sizes=\"(max-width: 1000px) 100vw, 1000px\" \/>\t\t\t\t\t\t\t\t\t\t\t\t\t\t\t<\/div>\n\t\t\t\t<\/div>\n\t\t\t\t\t<\/div>\n\t\t<\/div>\n\t\t\t\t\t<\/div>\n\t\t<\/section>\n\t\t\t\t<\/div>\n\t\t","protected":false},"excerpt":{"rendered":"<p>Vizyonumuz Gelecek i\u00e7in yenilenebilir enerji Xolustan Enerji, daha temiz bir d\u00fcnya ve s\u00fcrd\u00fcr\u00fclebilir bir gelecek i\u00e7in yenilenebilir enerji \u00e7\u00f6z\u00fcmleri sunan lider bir [&hellip;]<\/p>\n","protected":false},"author":1,"featured_media":0,"parent":0,"menu_order":0,"comment_status":"closed","ping_status":"closed","template":"","meta":{"footnotes":""},"class_list":["post-9","page","type-page","status-publish","hentry"],"yoast_head":"<!-- This site is optimized with the Yoast SEO plugin v26.8 - https:\/\/yoast.com\/product\/yoast-seo-wordpress\/ -->\n<title>Hakk\u0131m\u0131zda - xolustanenerji<\/title>\n<meta name=\"robots\" content=\"index, follow, max-snippet:-1, max-image-preview:large, max-video-preview:-1\" \/>\n<link rel=\"canonical\" href=\"https:\/\/xolustanenerji.com\/en\/hakkimizda\/\" \/>\n<meta property=\"og:locale\" content=\"en_GB\" \/>\n<meta property=\"og:type\" content=\"article\" \/>\n<meta property=\"og:title\" content=\"Hakk\u0131m\u0131zda - xolustanenerji\" \/>\n<meta property=\"og:description\" content=\"Vizyonumuz Gelecek i\u00e7in yenilenebilir enerji Xolustan Enerji, daha temiz bir d\u00fcnya ve s\u00fcrd\u00fcr\u00fclebilir bir gelecek i\u00e7in yenilenebilir enerji \u00e7\u00f6z\u00fcmleri sunan lider bir [&hellip;]\" \/>\n<meta property=\"og:url\" content=\"https:\/\/xolustanenerji.com\/en\/hakkimizda\/\" \/>\n<meta property=\"og:site_name\" content=\"xolustanenerji\" \/>\n<meta property=\"article:modified_time\" content=\"2026-03-25T07:38:23+00:00\" \/>\n<meta property=\"og:image\" content=\"https:\/\/xolustanenerji.com\/wp-content\/uploads\/2025\/01\/Adsiz-tasarim-2025-01-21T175529.014.webp\" \/>\n<meta name=\"twitter:card\" content=\"summary_large_image\" \/>\n<meta name=\"twitter:label1\" content=\"Estimated reading time\" \/>\n\t<meta name=\"twitter:data1\" content=\"4 minutes\" \/>\n<script type=\"application\/ld+json\" class=\"yoast-schema-graph\">{\"@context\":\"https:\/\/schema.org\",\"@graph\":[{\"@type\":\"WebPage\",\"@id\":\"https:\/\/xolustanenerji.com\/hakkimizda\/\",\"url\":\"https:\/\/xolustanenerji.com\/hakkimizda\/\",\"name\":\"Hakk\u0131m\u0131zda - xolustanenerji\",\"isPartOf\":{\"@id\":\"https:\/\/xolustanenerji.com\/#website\"},\"primaryImageOfPage\":{\"@id\":\"https:\/\/xolustanenerji.com\/hakkimizda\/#primaryimage\"},\"image\":{\"@id\":\"https:\/\/xolustanenerji.com\/hakkimizda\/#primaryimage\"},\"thumbnailUrl\":\"https:\/\/xolustanenerji.com\/wp-content\/uploads\/2025\/01\/Adsiz-tasarim-2025-01-21T175529.014.webp\",\"datePublished\":\"2022-07-04T06:53:30+00:00\",\"dateModified\":\"2026-03-25T07:38:23+00:00\",\"breadcrumb\":{\"@id\":\"https:\/\/xolustanenerji.com\/hakkimizda\/#breadcrumb\"},\"inLanguage\":\"en-GB\",\"potentialAction\":[{\"@type\":\"ReadAction\",\"target\":[\"https:\/\/xolustanenerji.com\/hakkimizda\/\"]}]},{\"@type\":\"ImageObject\",\"inLanguage\":\"en-GB\",\"@id\":\"https:\/\/xolustanenerji.com\/hakkimizda\/#primaryimage\",\"url\":\"https:\/\/xolustanenerji.com\/wp-content\/uploads\/2025\/01\/Adsiz-tasarim-2025-01-21T175529.014.webp\",\"contentUrl\":\"https:\/\/xolustanenerji.com\/wp-content\/uploads\/2025\/01\/Adsiz-tasarim-2025-01-21T175529.014.webp\"},{\"@type\":\"BreadcrumbList\",\"@id\":\"https:\/\/xolustanenerji.com\/hakkimizda\/#breadcrumb\",\"itemListElement\":[{\"@type\":\"ListItem\",\"position\":1,\"name\":\"Anasayfa\",\"item\":\"https:\/\/xolustanenerji.com\/\"},{\"@type\":\"ListItem\",\"position\":2,\"name\":\"Hakk\u0131m\u0131zda\"}]},{\"@type\":\"WebSite\",\"@id\":\"https:\/\/xolustanenerji.com\/#website\",\"url\":\"https:\/\/xolustanenerji.com\/\",\"name\":\"Xolustan Enerji\",\"description\":\"\",\"publisher\":{\"@id\":\"https:\/\/xolustanenerji.com\/#organization\"},\"potentialAction\":[{\"@type\":\"SearchAction\",\"target\":{\"@type\":\"EntryPoint\",\"urlTemplate\":\"https:\/\/xolustanenerji.com\/?s={search_term_string}\"},\"query-input\":{\"@type\":\"PropertyValueSpecification\",\"valueRequired\":true,\"valueName\":\"search_term_string\"}}],\"inLanguage\":\"en-GB\"},{\"@type\":\"Organization\",\"@id\":\"https:\/\/xolustanenerji.com\/#organization\",\"name\":\"Xolustan Enerji\",\"url\":\"https:\/\/xolustanenerji.com\/\",\"logo\":{\"@type\":\"ImageObject\",\"inLanguage\":\"en-GB\",\"@id\":\"https:\/\/xolustanenerji.com\/#\/schema\/logo\/image\/\",\"url\":\"https:\/\/xolustanenerji.com\/wp-content\/uploads\/2022\/07\/xo-1-2.png\",\"contentUrl\":\"https:\/\/xolustanenerji.com\/wp-content\/uploads\/2022\/07\/xo-1-2.png\",\"width\":1042,\"height\":1042,\"caption\":\"Xolustan Enerji\"},\"image\":{\"@id\":\"https:\/\/xolustanenerji.com\/#\/schema\/logo\/image\/\"}}]}<\/script>\n<!-- \/ Yoast SEO plugin. -->","yoast_head_json":{"title":"Hakk\u0131m\u0131zda - xolustanenerji","robots":{"index":"index","follow":"follow","max-snippet":"max-snippet:-1","max-image-preview":"max-image-preview:large","max-video-preview":"max-video-preview:-1"},"canonical":"https:\/\/xolustanenerji.com\/en\/hakkimizda\/","og_locale":"en_GB","og_type":"article","og_title":"Hakk\u0131m\u0131zda - xolustanenerji","og_description":"Vizyonumuz Gelecek i\u00e7in yenilenebilir enerji Xolustan Enerji, daha temiz bir d\u00fcnya ve s\u00fcrd\u00fcr\u00fclebilir bir gelecek i\u00e7in yenilenebilir enerji \u00e7\u00f6z\u00fcmleri sunan lider bir [&hellip;]","og_url":"https:\/\/xolustanenerji.com\/en\/hakkimizda\/","og_site_name":"xolustanenerji","article_modified_time":"2026-03-25T07:38:23+00:00","og_image":[{"url":"https:\/\/xolustanenerji.com\/wp-content\/uploads\/2025\/01\/Adsiz-tasarim-2025-01-21T175529.014.webp","type":"","width":"","height":""}],"twitter_card":"summary_large_image","twitter_misc":{"Estimated reading time":"4 minutes"},"schema":{"@context":"https:\/\/schema.org","@graph":[{"@type":"WebPage","@id":"https:\/\/xolustanenerji.com\/hakkimizda\/","url":"https:\/\/xolustanenerji.com\/hakkimizda\/","name":"Hakk\u0131m\u0131zda - xolustanenerji","isPartOf":{"@id":"https:\/\/xolustanenerji.com\/#website"},"primaryImageOfPage":{"@id":"https:\/\/xolustanenerji.com\/hakkimizda\/#primaryimage"},"image":{"@id":"https:\/\/xolustanenerji.com\/hakkimizda\/#primaryimage"},"thumbnailUrl":"https:\/\/xolustanenerji.com\/wp-content\/uploads\/2025\/01\/Adsiz-tasarim-2025-01-21T175529.014.webp","datePublished":"2022-07-04T06:53:30+00:00","dateModified":"2026-03-25T07:38:23+00:00","breadcrumb":{"@id":"https:\/\/xolustanenerji.com\/hakkimizda\/#breadcrumb"},"inLanguage":"en-GB","potentialAction":[{"@type":"ReadAction","target":["https:\/\/xolustanenerji.com\/hakkimizda\/"]}]},{"@type":"ImageObject","inLanguage":"en-GB","@id":"https:\/\/xolustanenerji.com\/hakkimizda\/#primaryimage","url":"https:\/\/xolustanenerji.com\/wp-content\/uploads\/2025\/01\/Adsiz-tasarim-2025-01-21T175529.014.webp","contentUrl":"https:\/\/xolustanenerji.com\/wp-content\/uploads\/2025\/01\/Adsiz-tasarim-2025-01-21T175529.014.webp"},{"@type":"BreadcrumbList","@id":"https:\/\/xolustanenerji.com\/hakkimizda\/#breadcrumb","itemListElement":[{"@type":"ListItem","position":1,"name":"Anasayfa","item":"https:\/\/xolustanenerji.com\/"},{"@type":"ListItem","position":2,"name":"Hakk\u0131m\u0131zda"}]},{"@type":"WebSite","@id":"https:\/\/xolustanenerji.com\/#website","url":"https:\/\/xolustanenerji.com\/","name":"Xolustan Enerji","description":"","publisher":{"@id":"https:\/\/xolustanenerji.com\/#organization"},"potentialAction":[{"@type":"SearchAction","target":{"@type":"EntryPoint","urlTemplate":"https:\/\/xolustanenerji.com\/?s={search_term_string}"},"query-input":{"@type":"PropertyValueSpecification","valueRequired":true,"valueName":"search_term_string"}}],"inLanguage":"en-GB"},{"@type":"Organization","@id":"https:\/\/xolustanenerji.com\/#organization","name":"Xolustan Enerji","url":"https:\/\/xolustanenerji.com\/","logo":{"@type":"ImageObject","inLanguage":"en-GB","@id":"https:\/\/xolustanenerji.com\/#\/schema\/logo\/image\/","url":"https:\/\/xolustanenerji.com\/wp-content\/uploads\/2022\/07\/xo-1-2.png","contentUrl":"https:\/\/xolustanenerji.com\/wp-content\/uploads\/2022\/07\/xo-1-2.png","width":1042,"height":1042,"caption":"Xolustan Enerji"},"image":{"@id":"https:\/\/xolustanenerji.com\/#\/schema\/logo\/image\/"}}]}},"_links":{"self":[{"href":"https:\/\/xolustanenerji.com\/en\/wp-json\/wp\/v2\/pages\/9","targetHints":{"allow":["GET"]}}],"collection":[{"href":"https:\/\/xolustanenerji.com\/en\/wp-json\/wp\/v2\/pages"}],"about":[{"href":"https:\/\/xolustanenerji.com\/en\/wp-json\/wp\/v2\/types\/page"}],"author":[{"embeddable":true,"href":"https:\/\/xolustanenerji.com\/en\/wp-json\/wp\/v2\/users\/1"}],"replies":[{"embeddable":true,"href":"https:\/\/xolustanenerji.com\/en\/wp-json\/wp\/v2\/comments?post=9"}],"version-history":[{"count":25,"href":"https:\/\/xolustanenerji.com\/en\/wp-json\/wp\/v2\/pages\/9\/revisions"}],"predecessor-version":[{"id":808,"href":"https:\/\/xolustanenerji.com\/en\/wp-json\/wp\/v2\/pages\/9\/revisions\/808"}],"wp:attachment":[{"href":"https:\/\/xolustanenerji.com\/en\/wp-json\/wp\/v2\/media?parent=9"}],"curies":[{"name":"wp","href":"https:\/\/api.w.org\/{rel}","templated":true}]}}